{"id":2,"date":"2025-05-16T11:42:09","date_gmt":"2025-05-16T11:42:09","guid":{"rendered":"https:\/\/peluqueriamixtajoy.rkinformatika.online\/?page_id=2"},"modified":"2025-05-21T10:35:49","modified_gmt":"2025-05-21T10:35:49","slug":"inicio","status":"publish","type":"page","link":"https:\/\/peluqueriamixtajoy.com\/eu\/","title":{"rendered":"Hasiera"},"content":{"rendered":"<div data-elementor-type=\"wp-page\" data-elementor-id=\"2\" class=\"elementor elementor-2\" data-elementor-post-type=\"page\">\n\t\t\t\t<div class=\"elementor-element elementor-element-d26e6c2 e-con-full e-flex e-con e-parent\" data-id=\"d26e6c2\" data-element_type=\"container\" data-e-type=\"container\" data-settings=\"{&quot;background_background&quot;:&quot;classic&quot;}\">\n\t\t<div class=\"elementor-element elementor-element-dac79f4 e-con-full e-flex e-con e-child\" data-id=\"dac79f4\" data-element_type=\"container\" data-e-type=\"container\" data-settings=\"{&quot;background_background&quot;:&quot;classic&quot;}\">\n\t\t\t\t<div class=\"elementor-element elementor-element-81156b1 elementor-invisible elementor-widget elementor-widget-heading\" data-id=\"81156b1\" data-element_type=\"widget\" data-e-type=\"widget\" data-settings=\"{&quot;_animation&quot;:&quot;fadeInDown&quot;}\" data-widget_type=\"heading.default\">\n\t\t\t\t<div class=\"elementor-widget-container\">\n\t\t\t\t\t<h2 class=\"elementor-heading-title elementor-size-default\">Ongi etorri Peluquer\u00eda Mixta Joy <\/h2>\t\t\t\t<\/div>\n\t\t\t\t<\/div>\n\t\t\t\t<div class=\"elementor-element elementor-element-6b2b8a6 animated-slow elementor-invisible elementor-widget elementor-widget-heading\" data-id=\"6b2b8a6\" data-element_type=\"widget\" data-e-type=\"widget\" data-settings=\"{&quot;_animation&quot;:&quot;fadeInDown&quot;}\" data-widget_type=\"heading.default\">\n\t\t\t\t<div class=\"elementor-widget-container\">\n\t\t\t\t\t<h2 class=\"elementor-heading-title elementor-size-default\">Kalitatea, esperientzia eta arreta pertsonalizatua bisita bakoitzean.<\/h2>\t\t\t\t<\/div>\n\t\t\t\t<\/div>\n\t\t\t\t<\/div>\n\t\t\t\t<\/div>\n\t\t<div class=\"elementor-element elementor-element-e4e9996 e-flex e-con-boxed e-con e-parent\" data-id=\"e4e9996\" data-element_type=\"container\" data-e-type=\"container\" data-settings=\"{&quot;background_background&quot;:&quot;classic&quot;}\">\n\t\t\t\t\t<div class=\"e-con-inner\">\n\t\t<div class=\"elementor-element elementor-element-2e83d65 e-con-full e-flex elementor-invisible e-con e-child\" data-id=\"2e83d65\" data-element_type=\"container\" data-e-type=\"container\" data-settings=\"{&quot;animation&quot;:&quot;fadeIn&quot;}\">\n\t\t\t\t<div class=\"elementor-element elementor-element-2acde3c elementor-widget elementor-widget-image\" data-id=\"2acde3c\" data-element_type=\"widget\" data-e-type=\"widget\" data-widget_type=\"image.default\">\n\t\t\t\t<div class=\"elementor-widget-container\">\n\t\t\t\t\t\t\t\t\t\t\t\t\t\t\t<img fetchpriority=\"high\" decoding=\"async\" width=\"720\" height=\"903\" src=\"https:\/\/peluqueriamixtajoy.com\/wp-content\/uploads\/2025\/05\/IMG-20250514-WA0003-Fonseca-Anguita.jpg\" class=\"attachment-large size-large wp-image-123\" alt=\"\" srcset=\"https:\/\/peluqueriamixtajoy.com\/wp-content\/uploads\/2025\/05\/IMG-20250514-WA0003-Fonseca-Anguita.jpg 720w, https:\/\/peluqueriamixtajoy.com\/wp-content\/uploads\/2025\/05\/IMG-20250514-WA0003-Fonseca-Anguita-239x300.jpg 239w, https:\/\/peluqueriamixtajoy.com\/wp-content\/uploads\/2025\/05\/IMG-20250514-WA0003-Fonseca-Anguita-10x12.jpg 10w\" sizes=\"(max-width: 720px) 100vw, 720px\" \/>\t\t\t\t\t\t\t\t\t\t\t\t\t\t\t<\/div>\n\t\t\t\t<\/div>\n\t\t\t\t<\/div>\n\t\t<div class=\"elementor-element elementor-element-228433d e-con-full e-flex e-con e-child\" data-id=\"228433d\" data-element_type=\"container\" data-e-type=\"container\">\n\t\t\t\t<div class=\"elementor-element elementor-element-ea436bb elementor-invisible elementor-widget elementor-widget-heading\" data-id=\"ea436bb\" data-element_type=\"widget\" data-e-type=\"widget\" data-settings=\"{&quot;_animation&quot;:&quot;fadeIn&quot;}\" data-widget_type=\"heading.default\">\n\t\t\t\t<div class=\"elementor-widget-container\">\n\t\t\t\t\t<h2 class=\"elementor-heading-title elementor-size-default\">Gure historia<\/h2>\t\t\t\t<\/div>\n\t\t\t\t<\/div>\n\t\t\t\t<div class=\"elementor-element elementor-element-a66442f elementor-widget elementor-widget-text-editor\" data-id=\"a66442f\" data-element_type=\"widget\" data-e-type=\"widget\" data-widget_type=\"text-editor.default\">\n\t\t\t\t<div class=\"elementor-widget-container\">\n\t\t\t\t\t\t\t\t\t<p>Joy ile-apaindegi mistoak 1996an ireki zituen ateak, beren ametsa betetzea erabaki zuten bi emakume ausarten ahalegin, grina eta ilusiotik sortua: beren negozioa sortzea.<\/p><p>Ordutik, Errekalde auzo bilbotarraren bihotzean gaude, espazio abegitsu eta hurbil bat eskainiz, non gizon eta emakumeek look aldaketa bat baino askoz gehiago aurkitzen duten: familia tratua, profesionala eta konfiantzaz betea.<\/p><p>28 urteko ibilbide honetan, familia asko hazten ikusteko pribilegioa izan dugu, eta hainbat belaunaldi maitasunez artatzera iritsi gara: aitona-amonak, gurasoak, seme-alabak... Harrotasunez eta emozioz betetzen gaituen historia partekatua.<\/p><p>Lehen eguneko indar berarekin, etorkizunari begira jarraitzen dugu, ikasten, hazten eta, batez ere, zu zaintzen jarraitzeko gogoz.<\/p>\t\t\t\t\t\t\t\t<\/div>\n\t\t\t\t<\/div>\n\t\t\t\t<\/div>\n\t\t\t\t\t<\/div>\n\t\t\t\t<\/div>\n\t\t<div class=\"elementor-element elementor-element-96f710e e-flex e-con-boxed e-con e-parent\" data-id=\"96f710e\" data-element_type=\"container\" data-e-type=\"container\" data-settings=\"{&quot;background_background&quot;:&quot;classic&quot;}\">\n\t\t\t\t\t<div class=\"e-con-inner\">\n\t\t<div class=\"elementor-element elementor-element-e7f2aff e-con-full e-flex e-con e-child\" data-id=\"e7f2aff\" data-element_type=\"container\" data-e-type=\"container\" data-settings=\"{&quot;background_background&quot;:&quot;classic&quot;}\">\n\t\t\t\t<div class=\"elementor-element elementor-element-c8fecf7 elementor-invisible elementor-widget elementor-widget-heading\" data-id=\"c8fecf7\" data-element_type=\"widget\" data-e-type=\"widget\" data-settings=\"{&quot;_animation&quot;:&quot;fadeInDown&quot;}\" data-widget_type=\"heading.default\">\n\t\t\t\t<div class=\"elementor-widget-container\">\n\t\t\t\t\t<h2 class=\"elementor-heading-title elementor-size-default\">Descubre todo lo que podemos hacer por tu cabello.<\/h2>\t\t\t\t<\/div>\n\t\t\t\t<\/div>\n\t\t\t\t<div class=\"elementor-element elementor-element-0f0c284 elementor-align-center animated-slow elementor-invisible elementor-widget elementor-widget-button\" data-id=\"0f0c284\" data-element_type=\"widget\" data-e-type=\"widget\" data-settings=\"{&quot;_animation&quot;:&quot;fadeInUp&quot;}\" data-widget_type=\"button.default\">\n\t\t\t\t<div class=\"elementor-widget-container\">\n\t\t\t\t\t\t\t\t\t<div class=\"elementor-button-wrapper\">\n\t\t\t\t\t<a class=\"elementor-button elementor-button-link elementor-size-sm\" href=\"https:\/\/peluqueriamixtajoy.com\/eu\/servicio\/\">\n\t\t\t\t\t\t<span class=\"elementor-button-content-wrapper\">\n\t\t\t\t\t\t\t\t\t<span class=\"elementor-button-text\">Ikusi zerbitzuak<\/span>\n\t\t\t\t\t<\/span>\n\t\t\t\t\t<\/a>\n\t\t\t\t<\/div>\n\t\t\t\t\t\t\t\t<\/div>\n\t\t\t\t<\/div>\n\t\t\t\t<\/div>\n\t\t\t\t\t<\/div>\n\t\t\t\t<\/div>\n\t\t\t\t<\/div>","protected":false},"excerpt":{"rendered":"<p>Bienvenido a Peluquer\u00eda Mixta Joy Calidad, experiencia y atenci\u00f3n personalizada en cada visita. Nuestra historia Peluquer\u00eda Mixta Joy abri\u00f3 sus puertas en el a\u00f1o 1996, nacida del esfuerzo, la pasi\u00f3n y la ilusi\u00f3n de dos mujeres valientes que decidieron cumplir su gran sue\u00f1o: crear su propio negocio. Desde entonces, nos encontramos en el coraz\u00f3n del [&hellip;]<\/p>\n","protected":false},"author":1,"featured_media":0,"parent":0,"menu_order":0,"comment_status":"closed","ping_status":"closed","template":"elementor_canvas","meta":{"footnotes":""},"class_list":["post-2","page","type-page","status-publish","hentry"],"yoast_head":"<!-- This site is optimized with the Yoast SEO plugin v27.5 - https:\/\/yoast.com\/product\/yoast-seo-wordpress\/ -->\n<title>Inicio - Peluquer\u00eda Mixta Joy<\/title>\n<meta name=\"robots\" content=\"index, follow, max-snippet:-1, max-image-preview:large, max-video-preview:-1\" \/>\n<link rel=\"canonical\" href=\"https:\/\/peluqueriamixtajoy.com\/eu\/\" \/>\n<meta property=\"og:locale\" content=\"en_US\" \/>\n<meta property=\"og:type\" content=\"article\" \/>\n<meta property=\"og:title\" content=\"Inicio - Peluquer\u00eda Mixta Joy\" \/>\n<meta property=\"og:description\" content=\"Bienvenido a Peluquer\u00eda Mixta Joy Calidad, experiencia y atenci\u00f3n personalizada en cada visita. Nuestra historia Peluquer\u00eda Mixta Joy abri\u00f3 sus puertas en el a\u00f1o 1996, nacida del esfuerzo, la pasi\u00f3n y la ilusi\u00f3n de dos mujeres valientes que decidieron cumplir su gran sue\u00f1o: crear su propio negocio. Desde entonces, nos encontramos en el coraz\u00f3n del [&hellip;]\" \/>\n<meta property=\"og:url\" content=\"https:\/\/peluqueriamixtajoy.com\/eu\/\" \/>\n<meta property=\"og:site_name\" content=\"Peluquer\u00eda Mixta Joy\" \/>\n<meta property=\"article:modified_time\" content=\"2025-05-21T10:35:49+00:00\" \/>\n<meta property=\"og:image\" content=\"https:\/\/peluqueriamixtajoy.com\/wp-content\/uploads\/2025\/05\/IMG-20250514-WA0003-Fonseca-Anguita.jpg\" \/>\n\t<meta property=\"og:image:width\" content=\"720\" \/>\n\t<meta property=\"og:image:height\" content=\"903\" \/>\n\t<meta property=\"og:image:type\" content=\"image\/jpeg\" \/>\n<meta name=\"twitter:card\" content=\"summary_large_image\" \/>\n<meta name=\"twitter:label1\" content=\"Est. reading time\" \/>\n\t<meta name=\"twitter:data1\" content=\"1 minutua\" \/>\n<script type=\"application\/ld+json\" class=\"yoast-schema-graph\">{\"@context\":\"https:\\\/\\\/schema.org\",\"@graph\":[{\"@type\":\"WebPage\",\"@id\":\"https:\\\/\\\/peluqueriamixtajoy.com\\\/\",\"url\":\"https:\\\/\\\/peluqueriamixtajoy.com\\\/\",\"name\":\"Inicio - Peluquer\u00eda Mixta Joy\",\"isPartOf\":{\"@id\":\"https:\\\/\\\/peluqueriamixtajoy.com\\\/#website\"},\"primaryImageOfPage\":{\"@id\":\"https:\\\/\\\/peluqueriamixtajoy.com\\\/#primaryimage\"},\"image\":{\"@id\":\"https:\\\/\\\/peluqueriamixtajoy.com\\\/#primaryimage\"},\"thumbnailUrl\":\"https:\\\/\\\/peluqueriamixtajoy.com\\\/wp-content\\\/uploads\\\/2025\\\/05\\\/IMG-20250514-WA0003-Fonseca-Anguita.jpg\",\"datePublished\":\"2025-05-16T11:42:09+00:00\",\"dateModified\":\"2025-05-21T10:35:49+00:00\",\"breadcrumb\":{\"@id\":\"https:\\\/\\\/peluqueriamixtajoy.com\\\/#breadcrumb\"},\"inLanguage\":\"eu\",\"potentialAction\":[{\"@type\":\"ReadAction\",\"target\":[\"https:\\\/\\\/peluqueriamixtajoy.com\\\/\"]}]},{\"@type\":\"ImageObject\",\"inLanguage\":\"eu\",\"@id\":\"https:\\\/\\\/peluqueriamixtajoy.com\\\/#primaryimage\",\"url\":\"https:\\\/\\\/peluqueriamixtajoy.com\\\/wp-content\\\/uploads\\\/2025\\\/05\\\/IMG-20250514-WA0003-Fonseca-Anguita.jpg\",\"contentUrl\":\"https:\\\/\\\/peluqueriamixtajoy.com\\\/wp-content\\\/uploads\\\/2025\\\/05\\\/IMG-20250514-WA0003-Fonseca-Anguita.jpg\"},{\"@type\":\"BreadcrumbList\",\"@id\":\"https:\\\/\\\/peluqueriamixtajoy.com\\\/#breadcrumb\",\"itemListElement\":[{\"@type\":\"ListItem\",\"position\":1,\"name\":\"Portada\",\"item\":\"https:\\\/\\\/peluqueriamixtajoy.com\\\/\"},{\"@type\":\"ListItem\",\"position\":2,\"name\":\"Inicio\"}]},{\"@type\":\"WebSite\",\"@id\":\"https:\\\/\\\/peluqueriamixtajoy.com\\\/#website\",\"url\":\"https:\\\/\\\/peluqueriamixtajoy.com\\\/\",\"name\":\"Peluquer\u00eda Mixta Joy\",\"description\":\"Peluquer\u00eda mixta Joy est\u00e1 fundada en 1996. \",\"publisher\":{\"@id\":\"https:\\\/\\\/peluqueriamixtajoy.com\\\/#organization\"},\"potentialAction\":[{\"@type\":\"SearchAction\",\"target\":{\"@type\":\"EntryPoint\",\"urlTemplate\":\"https:\\\/\\\/peluqueriamixtajoy.com\\\/?s={search_term_string}\"},\"query-input\":{\"@type\":\"PropertyValueSpecification\",\"valueRequired\":true,\"valueName\":\"search_term_string\"}}],\"inLanguage\":\"eu\"},{\"@type\":\"Organization\",\"@id\":\"https:\\\/\\\/peluqueriamixtajoy.com\\\/#organization\",\"name\":\"Peluquer\u00eda Mixta Joy\",\"url\":\"https:\\\/\\\/peluqueriamixtajoy.com\\\/\",\"logo\":{\"@type\":\"ImageObject\",\"inLanguage\":\"eu\",\"@id\":\"https:\\\/\\\/peluqueriamixtajoy.com\\\/#\\\/schema\\\/logo\\\/image\\\/\",\"url\":\"https:\\\/\\\/peluqueriamixtajoy.com\\\/wp-content\\\/uploads\\\/2025\\\/05\\\/cropped-FB_IMG_1747128783400-1-Fonseca-Anguita.jpg\",\"contentUrl\":\"https:\\\/\\\/peluqueriamixtajoy.com\\\/wp-content\\\/uploads\\\/2025\\\/05\\\/cropped-FB_IMG_1747128783400-1-Fonseca-Anguita.jpg\",\"width\":665,\"height\":344,\"caption\":\"Peluquer\u00eda Mixta Joy \"},\"image\":{\"@id\":\"https:\\\/\\\/peluqueriamixtajoy.com\\\/#\\\/schema\\\/logo\\\/image\\\/\"}}]}<\/script>\n<!-- \/ Yoast SEO plugin. -->","yoast_head_json":{"title":"Inicio - Peluquer\u00eda Mixta Joy","robots":{"index":"index","follow":"follow","max-snippet":"max-snippet:-1","max-image-preview":"max-image-preview:large","max-video-preview":"max-video-preview:-1"},"canonical":"https:\/\/peluqueriamixtajoy.com\/eu\/","og_locale":"en_US","og_type":"article","og_title":"Inicio - Peluquer\u00eda Mixta Joy","og_description":"Bienvenido a Peluquer\u00eda Mixta Joy Calidad, experiencia y atenci\u00f3n personalizada en cada visita. Nuestra historia Peluquer\u00eda Mixta Joy abri\u00f3 sus puertas en el a\u00f1o 1996, nacida del esfuerzo, la pasi\u00f3n y la ilusi\u00f3n de dos mujeres valientes que decidieron cumplir su gran sue\u00f1o: crear su propio negocio. Desde entonces, nos encontramos en el coraz\u00f3n del [&hellip;]","og_url":"https:\/\/peluqueriamixtajoy.com\/eu\/","og_site_name":"Peluquer\u00eda Mixta Joy","article_modified_time":"2025-05-21T10:35:49+00:00","og_image":[{"width":720,"height":903,"url":"https:\/\/peluqueriamixtajoy.com\/wp-content\/uploads\/2025\/05\/IMG-20250514-WA0003-Fonseca-Anguita.jpg","type":"image\/jpeg"}],"twitter_card":"summary_large_image","twitter_misc":{"Est. reading time":"1 minutua"},"schema":{"@context":"https:\/\/schema.org","@graph":[{"@type":"WebPage","@id":"https:\/\/peluqueriamixtajoy.com\/","url":"https:\/\/peluqueriamixtajoy.com\/","name":"Inicio - Peluquer\u00eda Mixta Joy","isPartOf":{"@id":"https:\/\/peluqueriamixtajoy.com\/#website"},"primaryImageOfPage":{"@id":"https:\/\/peluqueriamixtajoy.com\/#primaryimage"},"image":{"@id":"https:\/\/peluqueriamixtajoy.com\/#primaryimage"},"thumbnailUrl":"https:\/\/peluqueriamixtajoy.com\/wp-content\/uploads\/2025\/05\/IMG-20250514-WA0003-Fonseca-Anguita.jpg","datePublished":"2025-05-16T11:42:09+00:00","dateModified":"2025-05-21T10:35:49+00:00","breadcrumb":{"@id":"https:\/\/peluqueriamixtajoy.com\/#breadcrumb"},"inLanguage":"eu","potentialAction":[{"@type":"ReadAction","target":["https:\/\/peluqueriamixtajoy.com\/"]}]},{"@type":"ImageObject","inLanguage":"eu","@id":"https:\/\/peluqueriamixtajoy.com\/#primaryimage","url":"https:\/\/peluqueriamixtajoy.com\/wp-content\/uploads\/2025\/05\/IMG-20250514-WA0003-Fonseca-Anguita.jpg","contentUrl":"https:\/\/peluqueriamixtajoy.com\/wp-content\/uploads\/2025\/05\/IMG-20250514-WA0003-Fonseca-Anguita.jpg"},{"@type":"BreadcrumbList","@id":"https:\/\/peluqueriamixtajoy.com\/#breadcrumb","itemListElement":[{"@type":"ListItem","position":1,"name":"Portada","item":"https:\/\/peluqueriamixtajoy.com\/"},{"@type":"ListItem","position":2,"name":"Inicio"}]},{"@type":"WebSite","@id":"https:\/\/peluqueriamixtajoy.com\/#website","url":"https:\/\/peluqueriamixtajoy.com\/","name":"Peluquer\u00eda Mixta Joy","description":"Peluquer\u00eda mixta Joy est\u00e1 fundada en 1996.","publisher":{"@id":"https:\/\/peluqueriamixtajoy.com\/#organization"},"potentialAction":[{"@type":"SearchAction","target":{"@type":"EntryPoint","urlTemplate":"https:\/\/peluqueriamixtajoy.com\/?s={search_term_string}"},"query-input":{"@type":"PropertyValueSpecification","valueRequired":true,"valueName":"search_term_string"}}],"inLanguage":"eu"},{"@type":"Organization","@id":"https:\/\/peluqueriamixtajoy.com\/#organization","name":"Peluquer\u00eda Mixta Joy","url":"https:\/\/peluqueriamixtajoy.com\/","logo":{"@type":"ImageObject","inLanguage":"eu","@id":"https:\/\/peluqueriamixtajoy.com\/#\/schema\/logo\/image\/","url":"https:\/\/peluqueriamixtajoy.com\/wp-content\/uploads\/2025\/05\/cropped-FB_IMG_1747128783400-1-Fonseca-Anguita.jpg","contentUrl":"https:\/\/peluqueriamixtajoy.com\/wp-content\/uploads\/2025\/05\/cropped-FB_IMG_1747128783400-1-Fonseca-Anguita.jpg","width":665,"height":344,"caption":"Peluquer\u00eda Mixta Joy "},"image":{"@id":"https:\/\/peluqueriamixtajoy.com\/#\/schema\/logo\/image\/"}}]}},"_links":{"self":[{"href":"https:\/\/peluqueriamixtajoy.com\/eu\/wp-json\/wp\/v2\/pages\/2","targetHints":{"allow":["GET"]}}],"collection":[{"href":"https:\/\/peluqueriamixtajoy.com\/eu\/wp-json\/wp\/v2\/pages"}],"about":[{"href":"https:\/\/peluqueriamixtajoy.com\/eu\/wp-json\/wp\/v2\/types\/page"}],"author":[{"embeddable":true,"href":"https:\/\/peluqueriamixtajoy.com\/eu\/wp-json\/wp\/v2\/users\/1"}],"replies":[{"embeddable":true,"href":"https:\/\/peluqueriamixtajoy.com\/eu\/wp-json\/wp\/v2\/comments?post=2"}],"version-history":[{"count":184,"href":"https:\/\/peluqueriamixtajoy.com\/eu\/wp-json\/wp\/v2\/pages\/2\/revisions"}],"predecessor-version":[{"id":661,"href":"https:\/\/peluqueriamixtajoy.com\/eu\/wp-json\/wp\/v2\/pages\/2\/revisions\/661"}],"wp:attachment":[{"href":"https:\/\/peluqueriamixtajoy.com\/eu\/wp-json\/wp\/v2\/media?parent=2"}],"curies":[{"name":"wp","href":"https:\/\/api.w.org\/{rel}","templated":true}]}}